{"id":939,"date":"2017-04-20T10:01:02","date_gmt":"2017-04-20T08:01:02","guid":{"rendered":"https:\/\/realestatekefalonia.gr\/?page_id=939"},"modified":"2024-02-05T21:41:24","modified_gmt":"2024-02-05T19:41:24","slug":"rentals","status":"publish","type":"page","link":"https:\/\/realestatekefalonia.gr\/it\/rentals\/","title":{"rendered":"Affitti"},"content":{"rendered":"<div>\u00a0Noi della ditta &#8220;Diamantis Agenzia Immobiliare&#8221; (Diamantis Real Estate) siamo sempre disposti ad aiutarvi a trovare l&#8217; immobile ideale da affittare.<\/div>\n<div><\/div>\n<div>\u00a0Siamo una ditta che affitta immobili e poniamo come obiettivo principale la creazione di esperienze autentiche.<\/div>\n<div><\/div>\n<div>Abbiamo pi\u00f9 un&#8217; esperienza di oltre quindici anni per quanto riguarda le operazioni di vendita, di acquisto e di affitto degli immobili.<\/div>\n<div><\/div>\n<div>Per questo, desideriamo comunicarvi che troveremo l&#8217; immobile adatto per voi, in base alle vostre esigenze e alle vostre scelte.<\/div>\n<div><\/div>\n<div>\u00a0 \u0399l tempo che avete a vostra disposizione \u00e8 prezioso, per questo scegliamo ed esaminiamo in modo dettagliato ogni immobile, in maniera tale da potete essere soddisfatti, senza spiacevoli situazioni e \u00a0sorprese indesiderate.<\/div>\n<div><\/div>\n<div>\u00a0Infine, noi riteniamo che le foto dei nostri immobili sono indicative e non rappresentano la realt\u00e0. Perci\u00f2, invitiamo tutti i signori clienti e i possibili affittatari di vedere l&#8217; immobile da vicino, affinch\u00e8 possano rendersi conto di quello che veramente vogliono.<\/div>\n<div><\/div>\n<div>Per noi il detto: &#8220;Un&#8217; immagine vale mille parole&#8221; non \u00e8 valido.<\/div>\n<div><\/div>\n<div>Anzi, per noi vale il detto: &#8220;Una visita vale mille immagini e mille parole&#8221;.<\/div>","protected":false},"excerpt":{"rendered":"<p>\u00a0Noi della ditta &#8220;Diamantis Agenzia Immobiliare&#8221; (Diamantis Real Estate) siamo sempre disposti ad aiutarvi a trovare l&#8217; immobile ideale da affittare. \u00a0Siamo una ditta che affitta immobili e poniamo come obiettivo principale la creazione di esperienze autentiche. Abbiamo pi\u00f9 un&#8217;&hellip;<\/p>\n","protected":false},"author":1,"featured_media":944,"parent":0,"menu_order":0,"comment_status":"closed","ping_status":"closed","template":"page-servicesExtra.php","meta":{"_acf_changed":false,"footnotes":""},"class_list":["post-939","page","type-page","status-publish","has-post-thumbnail","hentry","entry","has-media"],"acf":[],"aioseo_notices":[],"_links":{"self":[{"href":"https:\/\/realestatekefalonia.gr\/it\/wp-json\/wp\/v2\/pages\/939","targetHints":{"allow":["GET"]}}],"collection":[{"href":"https:\/\/realestatekefalonia.gr\/it\/wp-json\/wp\/v2\/pages"}],"about":[{"href":"https:\/\/realestatekefalonia.gr\/it\/wp-json\/wp\/v2\/types\/page"}],"author":[{"embeddable":true,"href":"https:\/\/realestatekefalonia.gr\/it\/wp-json\/wp\/v2\/users\/1"}],"replies":[{"embeddable":true,"href":"https:\/\/realestatekefalonia.gr\/it\/wp-json\/wp\/v2\/comments?post=939"}],"version-history":[{"count":4,"href":"https:\/\/realestatekefalonia.gr\/it\/wp-json\/wp\/v2\/pages\/939\/revisions"}],"predecessor-version":[{"id":14175,"href":"https:\/\/realestatekefalonia.gr\/it\/wp-json\/wp\/v2\/pages\/939\/revisions\/14175"}],"wp:featuredmedia":[{"embeddable":true,"href":"https:\/\/realestatekefalonia.gr\/it\/wp-json\/wp\/v2\/media\/944"}],"wp:attachment":[{"href":"https:\/\/realestatekefalonia.gr\/it\/wp-json\/wp\/v2\/media?parent=939"}],"curies":[{"name":"wp","href":"https:\/\/api.w.org\/{rel}","templated":true}]}}